{"id":1838,"date":"2016-08-03T13:03:41","date_gmt":"2016-08-03T11:03:41","guid":{"rendered":"https:\/\/cs-delivery.com\/index.php\/home\/"},"modified":"2026-02-20T22:59:53","modified_gmt":"2026-02-20T21:59:53","slug":"home","status":"publish","type":"page","link":"https:\/\/cs-delivery.com\/","title":{"rendered":"Homepro"},"content":{"rendered":"<h2>Pour vos besoins en ressources IT<\/h2>\n<p><strong>[CS] Delivery : Votre Partenaire en Excellence IT<\/strong><\/p>\n<p>Sp\u00e9cialis\u00e9 dans le conseil informatique, [CS] Delivery accompagne les entreprises dans leurs projets technologiques en mettant \u00e0 disposition des experts IT rigoureusement s\u00e9lectionn\u00e9s. Notre mission : r\u00e9pondre \u00e0 vos besoins en ressources IT avec une approche ax\u00e9e sur la qualit\u00e9 et la performance, pour garantir le succ\u00e8s de vos initiatives strat\u00e9giques.<\/p>\n<p>Besoin d&rsquo;un talent IT ? Faites confiance \u00e0 [CS] Delivery pour trouver la solution sur mesure qui propulsera vos projets.<\/p>\n<p><a href=\"\/index.php\/contact\/\">Besoin d&rsquo;un talent IT<\/a><\/p>\n<h4>P\u00e9rim\u00e8tre<\/h4>\n<h3><a href=\"\/index.php\/cs-delivery-offers\/services-it\/\">Services IT<\/a><\/h3>\n<p>accompagnement technique<\/p>\n<h3><a href=\"\/index.php\/cs-delivery-offers\/pilotage-de-projet\/\">Pilotage de projet<\/a><\/h3>\n<p>maitrise du syst\u00e8me d&rsquo;information<\/p>\n<h3><a href=\"\/index.php\/cs-delivery-offers\/data-centric\/\">Data Centric<\/a><\/h3>\n<p>gouvernance des donn\u00e9es<\/p>\n<h2>Inter-contrats ? [CS] est votre partenaire<\/h2>\n<p>L&rsquo;\u00e9quipe [CS] Delivery s&rsquo;engage \u00e0 valoriser le capital humain en tant que tel et collabore avec ses partenaires en toute transparence, sur validation des comp\u00e9tences et accompagnement sur objectifs<\/p>\n<h2>Freelance ?<\/h2>\n<p>[CS] se propose de vous assister et de prendre en charge l&rsquo;ensemble des d\u00e9marches \u00e9trang\u00e8res \u00e0 votre expertise.<\/p>\n<p>En valorisant et rendant service au quotidien \u00e0 ses partenaires actuels, [CS] a d\u00e9velopp\u00e9 un savoir faire et une efficacit\u00e9 que vous appr\u00e9cierez certainement.<\/p>\n<p><a href=\"\/index.php\/contactez-nous\/\">Contactez-nous vite<\/a><\/p>\n<h4>About<\/h4>\n<blockquote>\n<p><strong>[CS] delivery<\/strong> est une entreprise de services IT ax\u00e9e sur l&rsquo;innovation et l&rsquo;accompagnement vers la transformation num\u00e9rique et digitale de ses partenaires.<\/p>\n<\/blockquote>\n<p><strong>La Force de CS Delivery : L&rsquo;Expertise de Ses Consultants<\/strong><\/p>\n<p>Chez CS Delivery, la v\u00e9ritable richesse r\u00e9side dans l&rsquo;expertise technologique de nos consultants. En perp\u00e9tuelle \u00e9volution, ils allient exp\u00e9rience professionnelle et formation continue pour rester \u00e0 la pointe des innovations et garantir des solutions adapt\u00e9es \u00e0 vos d\u00e9fis.<\/p>\n","protected":false},"excerpt":{"rendered":"<p>Pour vos besoins en ressources IT [CS] Delivery : Votre Partenaire en Excellence IT Sp\u00e9cialis\u00e9 dans le conseil informatique, [CS] Delivery accompagne les entreprises dans leurs projets technologiques en mettant \u00e0 disposition des experts IT rigoureusement s\u00e9lectionn\u00e9s. Notre mission : r\u00e9pondre \u00e0 vos besoins en ressources IT avec une approche ax\u00e9e sur la qualit\u00e9 et [&hellip;]<\/p>\n","protected":false},"author":5,"featured_media":0,"parent":0,"menu_order":0,"comment_status":"closed","ping_status":"closed","template":"","meta":{"_themeisle_gutenberg_block_has_review":false,"footnotes":""},"class_list":["post-1838","page","type-page","status-publish","hentry","has-post-title","has-post-date","has-post-category","has-post-tag","has-post-comment","has-post-author",""],"builder_content":"","_links":{"self":[{"href":"https:\/\/cs-delivery.com\/index.php\/wp-json\/wp\/v2\/pages\/1838","targetHints":{"allow":["GET"]}}],"collection":[{"href":"https:\/\/cs-delivery.com\/index.php\/wp-json\/wp\/v2\/pages"}],"about":[{"href":"https:\/\/cs-delivery.com\/index.php\/wp-json\/wp\/v2\/types\/page"}],"author":[{"embeddable":true,"href":"https:\/\/cs-delivery.com\/index.php\/wp-json\/wp\/v2\/users\/5"}],"replies":[{"embeddable":true,"href":"https:\/\/cs-delivery.com\/index.php\/wp-json\/wp\/v2\/comments?post=1838"}],"version-history":[{"count":42,"href":"https:\/\/cs-delivery.com\/index.php\/wp-json\/wp\/v2\/pages\/1838\/revisions"}],"predecessor-version":[{"id":2048,"href":"https:\/\/cs-delivery.com\/index.php\/wp-json\/wp\/v2\/pages\/1838\/revisions\/2048"}],"wp:attachment":[{"href":"https:\/\/cs-delivery.com\/index.php\/wp-json\/wp\/v2\/media?parent=1838"}],"curies":[{"name":"wp","href":"https:\/\/api.w.org\/{rel}","templated":true}]}}